{"id":283,"date":"2017-02-02T10:44:01","date_gmt":"2017-02-02T09:44:01","guid":{"rendered":"http:\/\/furlille.eu\/?page_id=283"},"modified":"2017-02-19T21:22:25","modified_gmt":"2017-02-19T20:22:25","slug":"partenaires","status":"publish","type":"page","link":"https:\/\/furlille.eu\/?page_id=283","title":{"rendered":"Partenaires"},"content":{"rendered":"<table style=\"border-style: none; color: white; text-align: center;\" border=\"0\" cellspacing=\"0\" cellpadding=\"0\">\n<tbody>\n<tr>\n<td><a href=\"http:\/\/forumanthrofur.wixsite.com\/fblacklightfr\/home\"><img loading=\"lazy\" decoding=\"async\" class=\"alignnone size-full wp-image-298\" src=\"https:\/\/furlille.eu\/wp-content\/uploads\/2017\/02\/FBL-e1486042576223.png\" alt=\"\" width=\"200\" height=\"44\" \/><\/a><\/td>\n<td>FursuitBlackLight 6i\u00e8me edition : <span class=\"color_11\">28-29 Octobre 2017<\/span><\/td>\n<\/tr>\n<tr>\n<td><a href=\"https:\/\/fluufff.org\/\"><img decoding=\"async\" src=\"https:\/\/furlille.eu\/wp-content\/uploads\/2017\/02\/banner-exchange-fluufff-200x80.png\" alt=\"Fl\u00fc\u00fcfff\" \/><\/a><\/td>\n<td>Fl\u00fc\u00fcfff : 1i\u00e8re Convention Belge &#8211; 2-5 Novembre 2017<\/td>\n<\/tr>\n<tr>\n<td><a href=\"https:\/\/archive.fursuit.me\">Fursuit Archive<\/a><\/td>\n<td>Fursuit-Archive : Archive photos\/vid\u00e9os depuis 1998<\/td>\n<\/tr>\n<tr>\n<td><a href=\"https:\/\/forum.francefurs.org\"><img loading=\"lazy\" decoding=\"async\" class=\"alignnone size-full wp-image-299\" src=\"https:\/\/furlille.eu\/wp-content\/uploads\/2017\/02\/francefurs-arrondi-e1486042829691.png\" alt=\"\" width=\"200\" height=\"51\" \/><\/a><\/td>\n<td>Francefurs : Forum Furry Francophone<\/td>\n<\/tr>\n<tr>\n<td><a href=\"http:\/\/anthrofur.org\/\">Anthrofur<\/a><\/td>\n<td>Anthrofur : Forum Furry Associatif<\/td>\n<\/tr>\n<\/tbody>\n<\/table>\n","protected":false},"excerpt":{"rendered":"<p>FursuitBlackLight 6i\u00e8me edition : 28-29 Octobre 2017 Fl\u00fc\u00fcfff : 1i\u00e8re Convention Belge &#8211; 2-5 Novembre 2017 Fursuit Archive Fursuit-Archive : Archive photos\/vid\u00e9os depuis 1998 Francefurs : Forum Furry Francophone Anthrofur Anthrofur : Forum Furry Associatif<\/p>\n","protected":false},"author":1,"featured_media":0,"parent":0,"menu_order":0,"comment_status":"closed","ping_status":"closed","template":"","meta":{"footnotes":""},"class_list":["post-283","page","type-page","status-publish","hentry"],"_links":{"self":[{"href":"https:\/\/furlille.eu\/index.php?rest_route=\/wp\/v2\/pages\/283"}],"collection":[{"href":"https:\/\/furlille.eu\/index.php?rest_route=\/wp\/v2\/pages"}],"about":[{"href":"https:\/\/furlille.eu\/index.php?rest_route=\/wp\/v2\/types\/page"}],"author":[{"embeddable":true,"href":"https:\/\/furlille.eu\/index.php?rest_route=\/wp\/v2\/users\/1"}],"replies":[{"embeddable":true,"href":"https:\/\/furlille.eu\/index.php?rest_route=%2Fwp%2Fv2%2Fcomments&post=283"}],"version-history":[{"count":13,"href":"https:\/\/furlille.eu\/index.php?rest_route=\/wp\/v2\/pages\/283\/revisions"}],"predecessor-version":[{"id":342,"href":"https:\/\/furlille.eu\/index.php?rest_route=\/wp\/v2\/pages\/283\/revisions\/342"}],"wp:attachment":[{"href":"https:\/\/furlille.eu\/index.php?rest_route=%2Fwp%2Fv2%2Fmedia&parent=283"}],"curies":[{"name":"wp","href":"https:\/\/api.w.org\/{rel}","templated":true}]}}