{"id":27,"date":"2016-12-30T22:31:31","date_gmt":"2016-12-30T21:31:31","guid":{"rendered":"http:\/\/furlille.eu\/?page_id=27"},"modified":"2022-07-07T22:09:26","modified_gmt":"2022-07-07T20:09:26","slug":"enregistrement","status":"publish","type":"page","link":"https:\/\/furlille.eu\/?page_id=27","title":{"rendered":"S&#8217;inscrire"},"content":{"rendered":"<p style=\"text-align: center;\"><strong>Les inscriptions sont dor\u00e9navant closes<\/strong><\/p>\n<p>Vous devez \u00eatre majeur \u00e0 la date de d\u00e9but de Fur&#8217;Lille 2022 pour pouvoir vous inscrire.<br \/>\nNous ne prenons pas en charge les personnes mineures pour des questions de responsabilit\u00e9 civile.<\/p>\n<p>Une inscription par browser ou purgez vos cookies<br \/>\nLes prix indiqu\u00e9s n&#8217;incluent que les frais pour le badge, le laser-game (si s\u00e9lectionn\u00e9) et l&#8217;entr\u00e9e au parc.<br \/>\nToutes les autres activit\u00e9s seront \u00e0 r\u00e9gler directement sur place (restaurant, h\u00f4tel)<\/p>\n<p>Il y a 40 places (2 parties de 20 personnes) pour le laser-game.<\/p>\n","protected":false},"excerpt":{"rendered":"<p>Les inscriptions sont dor\u00e9navant closes Vous devez \u00eatre majeur \u00e0 la date de d\u00e9but de Fur&#8217;Lille 2022 pour pouvoir vous inscrire. Nous ne prenons pas en charge les personnes mineures pour des questions de responsabilit\u00e9 civile. Une inscription par browser ou purgez vos cookies Les prix indiqu\u00e9s n&#8217;incluent que les frais pour le badge, le &hellip; <\/p>\n<p class=\"link-more\"><a href=\"https:\/\/furlille.eu\/?page_id=27\" class=\"more-link\">Continue reading<span class=\"screen-reader-text\"> &#8220;S&#8217;inscrire&#8221;<\/span><\/a><\/p>\n","protected":false},"author":1,"featured_media":0,"parent":0,"menu_order":0,"comment_status":"closed","ping_status":"closed","template":"","meta":{"footnotes":""},"class_list":["post-27","page","type-page","status-publish","hentry"],"_links":{"self":[{"href":"https:\/\/furlille.eu\/index.php?rest_route=\/wp\/v2\/pages\/27"}],"collection":[{"href":"https:\/\/furlille.eu\/index.php?rest_route=\/wp\/v2\/pages"}],"about":[{"href":"https:\/\/furlille.eu\/index.php?rest_route=\/wp\/v2\/types\/page"}],"author":[{"embeddable":true,"href":"https:\/\/furlille.eu\/index.php?rest_route=\/wp\/v2\/users\/1"}],"replies":[{"embeddable":true,"href":"https:\/\/furlille.eu\/index.php?rest_route=%2Fwp%2Fv2%2Fcomments&post=27"}],"version-history":[{"count":25,"href":"https:\/\/furlille.eu\/index.php?rest_route=\/wp\/v2\/pages\/27\/revisions"}],"predecessor-version":[{"id":754,"href":"https:\/\/furlille.eu\/index.php?rest_route=\/wp\/v2\/pages\/27\/revisions\/754"}],"wp:attachment":[{"href":"https:\/\/furlille.eu\/index.php?rest_route=%2Fwp%2Fv2%2Fmedia&parent=27"}],"curies":[{"name":"wp","href":"https:\/\/api.w.org\/{rel}","templated":true}]}}