{"id":243,"date":"2017-01-25T13:01:13","date_gmt":"2017-01-25T12:01:13","guid":{"rendered":"http:\/\/furlille.eu\/?page_id=243"},"modified":"2019-07-21T22:54:00","modified_gmt":"2019-07-21T20:54:00","slug":"editions-anterieures","status":"publish","type":"page","link":"https:\/\/furlille.eu\/?page_id=243","title":{"rendered":"Archives"},"content":{"rendered":"<p><a href=\"http:\/\/archive.fursuit.me\/index.php?\/category\/1802\">2010 &#8211; Pr\u00e9s du Hem<\/a><br \/>\n<a href=\"http:\/\/archive.fursuit.me\/index.php?\/category\/1801\">2011 &#8211; Pr\u00e9s du Hem<\/a><br \/>\n<a href=\"http:\/\/archive.fursuit.me\/index.php?\/category\/1803\">2012 &#8211; Pr\u00e9s du Hem<\/a><br \/>\n<a href=\"http:\/\/archive.fursuit.me\/index.php?\/category\/1800\">2013 &#8211; Pr\u00e9s du Hem<\/a><\/p>\n<p><a href=\"http:\/\/archive.fursuit.me\/index.php?\/category\/2916\">2014 &#8211; Fur&#8217;Lille<\/a><br \/>\n2015 &#8211; Fur&#8217;Lille (pas de photo pour le moment\/no pic available for the moment)<br \/>\n<a href=\"http:\/\/archive.fursuit.me\/index.php?\/category\/2937\">2016 &#8211; Fur&#8217;Lille<\/a><br \/>\n<a href=\"http:\/\/archive.fursuit.me\/index.php?\/category\/2978\">2017 &#8211; Fur&#8217;Lille<\/a><br \/>\n<a href=\"http:\/\/archive.fursuit.me\/index.php?\/category\/2996\">2018 &#8211; Fur&#8217;Lille<\/a><br \/>\n<a href=\"https:\/\/archive.fursuit.me\/index.php?\/category\/3072\">2019 &#8211; Fur&#8217;Lille<\/a><\/p>\n","protected":false},"excerpt":{"rendered":"<p>2010 &#8211; Pr\u00e9s du Hem 2011 &#8211; Pr\u00e9s du Hem 2012 &#8211; Pr\u00e9s du Hem 2013 &#8211; Pr\u00e9s du Hem 2014 &#8211; Fur&#8217;Lille 2015 &#8211; Fur&#8217;Lille (pas de photo pour le moment\/no pic available for the moment) 2016 &#8211; Fur&#8217;Lille 2017 &#8211; Fur&#8217;Lille 2018 &#8211; Fur&#8217;Lille 2019 &#8211; Fur&#8217;Lille<\/p>\n","protected":false},"author":1,"featured_media":0,"parent":0,"menu_order":0,"comment_status":"closed","ping_status":"closed","template":"","meta":{"footnotes":""},"class_list":["post-243","page","type-page","status-publish","hentry"],"_links":{"self":[{"href":"https:\/\/furlille.eu\/index.php?rest_route=\/wp\/v2\/pages\/243"}],"collection":[{"href":"https:\/\/furlille.eu\/index.php?rest_route=\/wp\/v2\/pages"}],"about":[{"href":"https:\/\/furlille.eu\/index.php?rest_route=\/wp\/v2\/types\/page"}],"author":[{"embeddable":true,"href":"https:\/\/furlille.eu\/index.php?rest_route=\/wp\/v2\/users\/1"}],"replies":[{"embeddable":true,"href":"https:\/\/furlille.eu\/index.php?rest_route=%2Fwp%2Fv2%2Fcomments&post=243"}],"version-history":[{"count":12,"href":"https:\/\/furlille.eu\/index.php?rest_route=\/wp\/v2\/pages\/243\/revisions"}],"predecessor-version":[{"id":761,"href":"https:\/\/furlille.eu\/index.php?rest_route=\/wp\/v2\/pages\/243\/revisions\/761"}],"wp:attachment":[{"href":"https:\/\/furlille.eu\/index.php?rest_route=%2Fwp%2Fv2%2Fmedia&parent=243"}],"curies":[{"name":"wp","href":"https:\/\/api.w.org\/{rel}","templated":true}]}}