{"id":212,"date":"2017-01-25T09:26:48","date_gmt":"2017-01-25T08:26:48","guid":{"rendered":"http:\/\/furlille.eu\/?page_id=212"},"modified":"2019-07-07T14:12:13","modified_gmt":"2019-07-07T12:12:13","slug":"travel","status":"publish","type":"page","link":"https:\/\/furlille.eu\/?page_id=212","title":{"rendered":"Travel"},"content":{"rendered":"<p><strong>Addresses :<\/strong><br \/>\n<em>Laser-Game<\/em><br \/>\n9 rue des Primeur, 59000 Lille<\/p>\n<p><em>Hotel<\/em><br \/>\n<span class=\"section-info-text\">20 Rue du Ch\u00e2teau d&#8217;Isenghien, 59160 Lille<\/span><\/p>\n<p><em>Bowling (4 minutes near the hotel)<\/em><br \/>\n<span class=\"section-info-text\">Z.A du Grand But, 59160 Lille<\/span><\/p>\n<p><em>Pr\u00e9s du Hem<\/em><br \/>\n7 avenue Marc Sangnier, 59280 Armenti\u00e8res<\/p>\n<p>&nbsp;<\/p>\n<p><strong>Public transport :<\/strong><br \/>\n<em>Path Laser-Game &#8211; Hotel (total time ~1h)<br \/>\n<\/em><\/p>\n<p>Walk to the Subway station (R\u00e9publique Beaux-Arts)<br \/>\n<img loading=\"lazy\" decoding=\"async\" class=\"alignnone size-full wp-image-163\" src=\"https:\/\/furlille.eu\/wp-content\/uploads\/2017\/01\/Pied_R\u00e9publique_LG.jpg\" alt=\"\" width=\"927\" height=\"687\" srcset=\"https:\/\/furlille.eu\/wp-content\/uploads\/2017\/01\/Pied_R\u00e9publique_LG.jpg 927w, https:\/\/furlille.eu\/wp-content\/uploads\/2017\/01\/Pied_R\u00e9publique_LG-300x222.jpg 300w, https:\/\/furlille.eu\/wp-content\/uploads\/2017\/01\/Pied_R\u00e9publique_LG-768x569.jpg 768w\" sizes=\"(max-width: 767px) 89vw, (max-width: 1000px) 54vw, (max-width: 1071px) 543px, 580px\" \/><\/p>\n<p>Subway Line 1 (yellow) in direction of &#8220;C.H.R. B-Calmette&#8221;. Get off at &#8220;Portes des Postes&#8221; station then take line 2 (red) in direction of &#8220;St Philibert&#8221;. Get off at the terminus<br \/>\n<img loading=\"lazy\" decoding=\"async\" class=\"alignnone size-full wp-image-161\" src=\"https:\/\/furlille.eu\/wp-content\/uploads\/2017\/01\/M\u00e9tro_R\u00e9publique_StPhilbert.jpg\" alt=\"\" width=\"607\" height=\"382\" srcset=\"https:\/\/furlille.eu\/wp-content\/uploads\/2017\/01\/M\u00e9tro_R\u00e9publique_StPhilbert.jpg 607w, https:\/\/furlille.eu\/wp-content\/uploads\/2017\/01\/M\u00e9tro_R\u00e9publique_StPhilbert-300x189.jpg 300w\" sizes=\"(max-width: 607px) 100vw, 607px\" \/><\/p>\n<p>Walk to the hotel<br \/>\n<img loading=\"lazy\" decoding=\"async\" class=\"alignnone size-full wp-image-164\" src=\"https:\/\/furlille.eu\/wp-content\/uploads\/2017\/01\/Pied_StPhilibert_Hotel.jpg\" alt=\"\" width=\"1294\" height=\"679\" srcset=\"https:\/\/furlille.eu\/wp-content\/uploads\/2017\/01\/Pied_StPhilibert_Hotel.jpg 1294w, https:\/\/furlille.eu\/wp-content\/uploads\/2017\/01\/Pied_StPhilibert_Hotel-300x157.jpg 300w, https:\/\/furlille.eu\/wp-content\/uploads\/2017\/01\/Pied_StPhilibert_Hotel-768x403.jpg 768w, https:\/\/furlille.eu\/wp-content\/uploads\/2017\/01\/Pied_StPhilibert_Hotel-1024x537.jpg 1024w\" sizes=\"(max-width: 767px) 89vw, (max-width: 1000px) 54vw, (max-width: 1071px) 543px, 580px\" \/><\/p>\n<p>&nbsp;<\/p>\n<p><em>Path Hotel &#8211; Pr\u00e9s du Hem  (total time ~50 min)<\/em><br \/>\nGo to &#8220;St Philibert&#8221; in order to take <span style=\"color: #ff0000;\">the 9:10am bus (arrival at 9:34am) or the 10:10am bus (arrival \u00e0 10:34am)<\/span><br \/>\n<img loading=\"lazy\" decoding=\"async\" class=\"alignnone size-full wp-image-164\" src=\"https:\/\/furlille.eu\/wp-content\/uploads\/2017\/01\/Pied_StPhilibert_Hotel.jpg\" alt=\"\" width=\"1294\" height=\"679\" srcset=\"https:\/\/furlille.eu\/wp-content\/uploads\/2017\/01\/Pied_StPhilibert_Hotel.jpg 1294w, https:\/\/furlille.eu\/wp-content\/uploads\/2017\/01\/Pied_StPhilibert_Hotel-300x157.jpg 300w, https:\/\/furlille.eu\/wp-content\/uploads\/2017\/01\/Pied_StPhilibert_Hotel-768x403.jpg 768w, https:\/\/furlille.eu\/wp-content\/uploads\/2017\/01\/Pied_StPhilibert_Hotel-1024x537.jpg 1024w\" sizes=\"(max-width: 767px) 89vw, (max-width: 1000px) 54vw, (max-width: 1071px) 543px, 580px\" \/><\/p>\n<p>Line 99 in direction of &#8220;Armenti\u00e8res &#8211; Bizet&#8221;, get off at &#8220;Pierre Beregovoy&#8221; stop. Walk to the parc<br \/>\n<img loading=\"lazy\" decoding=\"async\" class=\"alignnone size-full wp-image-162\" src=\"https:\/\/furlille.eu\/wp-content\/uploads\/2017\/02\/Pied_Bus-armentieres_PdH.jpg\" alt=\"\" width=\"960\" height=\"694\"><\/p>\n","protected":false},"excerpt":{"rendered":"<p>Addresses : Laser-Game 9 rue des Primeur, 59000 Lille Hotel 20 Rue du Ch\u00e2teau d&#8217;Isenghien, 59160 Lille Bowling (4 minutes near the hotel) Z.A du Grand But, 59160 Lille Pr\u00e9s du Hem 7 avenue Marc Sangnier, 59280 Armenti\u00e8res &nbsp; Public transport : Path Laser-Game &#8211; Hotel (total time ~1h) Walk to the Subway station (R\u00e9publique &hellip; <\/p>\n<p class=\"link-more\"><a href=\"https:\/\/furlille.eu\/?page_id=212\" class=\"more-link\">Continue reading<span class=\"screen-reader-text\"> &#8220;Travel&#8221;<\/span><\/a><\/p>\n","protected":false},"author":1,"featured_media":0,"parent":0,"menu_order":0,"comment_status":"closed","ping_status":"closed","template":"","meta":{"footnotes":""},"class_list":["post-212","page","type-page","status-publish","hentry"],"_links":{"self":[{"href":"https:\/\/furlille.eu\/index.php?rest_route=\/wp\/v2\/pages\/212"}],"collection":[{"href":"https:\/\/furlille.eu\/index.php?rest_route=\/wp\/v2\/pages"}],"about":[{"href":"https:\/\/furlille.eu\/index.php?rest_route=\/wp\/v2\/types\/page"}],"author":[{"embeddable":true,"href":"https:\/\/furlille.eu\/index.php?rest_route=\/wp\/v2\/users\/1"}],"replies":[{"embeddable":true,"href":"https:\/\/furlille.eu\/index.php?rest_route=%2Fwp%2Fv2%2Fcomments&post=212"}],"version-history":[{"count":6,"href":"https:\/\/furlille.eu\/index.php?rest_route=\/wp\/v2\/pages\/212\/revisions"}],"predecessor-version":[{"id":708,"href":"https:\/\/furlille.eu\/index.php?rest_route=\/wp\/v2\/pages\/212\/revisions\/708"}],"wp:attachment":[{"href":"https:\/\/furlille.eu\/index.php?rest_route=%2Fwp%2Fv2%2Fmedia&parent=212"}],"curies":[{"name":"wp","href":"https:\/\/api.w.org\/{rel}","templated":true}]}}