{"id":189,"date":"2017-01-22T20:57:47","date_gmt":"2017-01-22T19:57:47","guid":{"rendered":"http:\/\/furlille.eu\/?page_id=189"},"modified":"2019-02-20T21:29:27","modified_gmt":"2019-02-20T20:29:27","slug":"hotel","status":"publish","type":"page","link":"https:\/\/furlille.eu\/?page_id=189","title":{"rendered":"H\u00f4tel"},"content":{"rendered":"<p><a href=\"http:\/\/www.campanile-lille.fr\/fr\/mentions-legales\" target=\"_blank\" rel=\"noopener\">H\u00f4tel Campanile &#8211; R\u00e9servations<\/a><br \/>\n\/!\\ Merci d&#8217;indiquer &#8220;Fur&#8217;Lille 2019 &#8211; Bloc d\u00e9di\u00e9&#8221; dans le champ &#8220;Vos Demandes&#8221;<br \/>\n\/!\\ L&#8217;h\u00f4tel \u00e9tait complet l&#8217;an dernier ! Pensez \u00e0 r\u00e9server d\u00e8s votre inscription<\/p>\n<p><img loading=\"lazy\" decoding=\"async\" class=\"alignnone size-large wp-image-185\" src=\"https:\/\/furlille.eu\/wp-content\/uploads\/2017\/01\/chambre_1-1024x576.jpg\" alt=\"\" width=\"700\" height=\"394\" srcset=\"https:\/\/furlille.eu\/wp-content\/uploads\/2017\/01\/chambre_1-1024x576.jpg 1024w, https:\/\/furlille.eu\/wp-content\/uploads\/2017\/01\/chambre_1-300x169.jpg 300w, https:\/\/furlille.eu\/wp-content\/uploads\/2017\/01\/chambre_1-768x432.jpg 768w, https:\/\/furlille.eu\/wp-content\/uploads\/2017\/01\/chambre_1.jpg 1632w\" sizes=\"(max-width: 700px) 100vw, 700px\" \/><br \/>\n<img loading=\"lazy\" decoding=\"async\" class=\"alignnone size-large wp-image-186\" src=\"https:\/\/furlille.eu\/wp-content\/uploads\/2017\/01\/chambre_2-1024x576.jpg\" alt=\"\" width=\"700\" height=\"394\" srcset=\"https:\/\/furlille.eu\/wp-content\/uploads\/2017\/01\/chambre_2-1024x576.jpg 1024w, https:\/\/furlille.eu\/wp-content\/uploads\/2017\/01\/chambre_2-300x169.jpg 300w, https:\/\/furlille.eu\/wp-content\/uploads\/2017\/01\/chambre_2-768x432.jpg 768w, https:\/\/furlille.eu\/wp-content\/uploads\/2017\/01\/chambre_2.jpg 1632w\" sizes=\"(max-width: 700px) 100vw, 700px\" \/><\/p>\n<p><a href=\"http:\/\/media.iceportal.com\/43689\/photos\/1589079_XL.jpg\" target=\"_blank\" rel=\"noopener\">Salle de bain<\/a><\/p>\n<p><a href=\"http:\/\/media.iceportal.com\/43689\/photos\/1589055_XL.jpg\" target=\"_blank\" rel=\"noopener\">Vue compl\u00e8te de la chambre<\/a><\/p>\n<p><a href=\"http:\/\/media.iceportal.com\/43689\/photos\/1589935_XL.jpg\" target=\"_blank\" rel=\"noopener\">Vue ext\u00e9rieure de l&#8217;h\u00f4tel<\/a><\/p>\n<p><a href=\"http:\/\/media.iceportal.com\/43689\/photos\/1589049_XL.jpg\" target=\"_blank\" rel=\"noopener\">Vue arri\u00e8re de l&#8217;h\u00f4tel<\/a><\/p>\n<p><a href=\"http:\/\/media.iceportal.com\/43689\/photos\/1589083_XL.jpg\" target=\"_blank\" rel=\"noopener\">Salle de repas<\/a><\/p>\n","protected":false},"excerpt":{"rendered":"<p>H\u00f4tel Campanile &#8211; R\u00e9servations \/!\\ Merci d&#8217;indiquer &#8220;Fur&#8217;Lille 2019 &#8211; Bloc d\u00e9di\u00e9&#8221; dans le champ &#8220;Vos Demandes&#8221; \/!\\ L&#8217;h\u00f4tel \u00e9tait complet l&#8217;an dernier ! Pensez \u00e0 r\u00e9server d\u00e8s votre inscription Salle de bain Vue compl\u00e8te de la chambre Vue ext\u00e9rieure de l&#8217;h\u00f4tel Vue arri\u00e8re de l&#8217;h\u00f4tel Salle de repas<\/p>\n","protected":false},"author":1,"featured_media":0,"parent":0,"menu_order":0,"comment_status":"closed","ping_status":"closed","template":"","meta":{"footnotes":""},"class_list":["post-189","page","type-page","status-publish","hentry"],"_links":{"self":[{"href":"https:\/\/furlille.eu\/index.php?rest_route=\/wp\/v2\/pages\/189"}],"collection":[{"href":"https:\/\/furlille.eu\/index.php?rest_route=\/wp\/v2\/pages"}],"about":[{"href":"https:\/\/furlille.eu\/index.php?rest_route=\/wp\/v2\/types\/page"}],"author":[{"embeddable":true,"href":"https:\/\/furlille.eu\/index.php?rest_route=\/wp\/v2\/users\/1"}],"replies":[{"embeddable":true,"href":"https:\/\/furlille.eu\/index.php?rest_route=%2Fwp%2Fv2%2Fcomments&post=189"}],"version-history":[{"count":8,"href":"https:\/\/furlille.eu\/index.php?rest_route=\/wp\/v2\/pages\/189\/revisions"}],"predecessor-version":[{"id":631,"href":"https:\/\/furlille.eu\/index.php?rest_route=\/wp\/v2\/pages\/189\/revisions\/631"}],"wp:attachment":[{"href":"https:\/\/furlille.eu\/index.php?rest_route=%2Fwp%2Fv2%2Fmedia&parent=189"}],"curies":[{"name":"wp","href":"https:\/\/api.w.org\/{rel}","templated":true}]}}