{"id":165,"date":"2017-01-17T15:50:36","date_gmt":"2017-01-17T14:50:36","guid":{"rendered":"http:\/\/furlille.eu\/?page_id=165"},"modified":"2019-07-07T14:11:09","modified_gmt":"2019-07-07T12:11:09","slug":"deplacements","status":"publish","type":"page","link":"https:\/\/furlille.eu\/?page_id=165","title":{"rendered":"D\u00e9placements"},"content":{"rendered":"<p><strong>Adresses :<\/strong><br \/>\n<em>Laser-Game<\/em><br \/>\n9 rue des Primeur, 59000 Lille<\/p>\n<p><em>H\u00f4tel<\/em><br \/>\n<span class=\"section-info-text\">20 Rue du Ch\u00e2teau d&#8217;Isenghien, 59160 Lille<\/span><\/p>\n<p><em>Bowling (\u00e0 4 minutes \u00e0 pied de l&#8217;h\u00f4tel)<\/em><br \/>\n<span class=\"section-info-text\">Z.A du Grand But, 59160 Lille<\/span><\/p>\n<p><em>Pr\u00e9s du Hem<\/em><br \/>\n7 avenue Marc Sangnier, 59280 Armenti\u00e8res<\/p>\n<p>&nbsp;<\/p>\n<p><strong>Transports en commun :<\/strong><br \/>\n<em>Trajet Laser-Game &#8211; H\u00f4tel (temps total ~1h)<br \/>\n<\/em><\/p>\n<p>Se rendre \u00e0 pied \u00e0 la station de m\u00e9tro R\u00e9publique Beaux-Arts<br \/>\n<img loading=\"lazy\" decoding=\"async\" class=\"alignnone size-full wp-image-163\" src=\"https:\/\/furlille.eu\/wp-content\/uploads\/2017\/01\/Pied_R\u00e9publique_LG.jpg\" alt=\"\" width=\"927\" height=\"687\" srcset=\"https:\/\/furlille.eu\/wp-content\/uploads\/2017\/01\/Pied_R\u00e9publique_LG.jpg 927w, https:\/\/furlille.eu\/wp-content\/uploads\/2017\/01\/Pied_R\u00e9publique_LG-300x222.jpg 300w, https:\/\/furlille.eu\/wp-content\/uploads\/2017\/01\/Pied_R\u00e9publique_LG-768x569.jpg 768w\" sizes=\"(max-width: 767px) 89vw, (max-width: 1000px) 54vw, (max-width: 1071px) 543px, 580px\" \/><\/p>\n<p>Prendre la ligne 1 du m\u00e9tro (ligne Jaune) direction C.H.R. B-Calmette jusqu&#8217;\u00e0 Portes des Postes puis prendre la ligne 2 (ligne rouge) du m\u00e9tro direction St Philibert. Descendre \u00e0 la derni\u00e8re station.<br \/>\n<img loading=\"lazy\" decoding=\"async\" class=\"alignnone size-full wp-image-161\" src=\"https:\/\/furlille.eu\/wp-content\/uploads\/2017\/01\/M\u00e9tro_R\u00e9publique_StPhilbert.jpg\" alt=\"\" width=\"607\" height=\"382\" srcset=\"https:\/\/furlille.eu\/wp-content\/uploads\/2017\/01\/M\u00e9tro_R\u00e9publique_StPhilbert.jpg 607w, https:\/\/furlille.eu\/wp-content\/uploads\/2017\/01\/M\u00e9tro_R\u00e9publique_StPhilbert-300x189.jpg 300w\" sizes=\"(max-width: 607px) 100vw, 607px\" \/><\/p>\n<p>Se rendre \u00e0 pied jusqu&#8217;\u00e0 l&#8217;h\u00f4tel<br \/>\n<img loading=\"lazy\" decoding=\"async\" class=\"alignnone size-full wp-image-164\" src=\"https:\/\/furlille.eu\/wp-content\/uploads\/2017\/01\/Pied_StPhilibert_Hotel.jpg\" alt=\"\" width=\"1294\" height=\"679\" srcset=\"https:\/\/furlille.eu\/wp-content\/uploads\/2017\/01\/Pied_StPhilibert_Hotel.jpg 1294w, https:\/\/furlille.eu\/wp-content\/uploads\/2017\/01\/Pied_StPhilibert_Hotel-300x157.jpg 300w, https:\/\/furlille.eu\/wp-content\/uploads\/2017\/01\/Pied_StPhilibert_Hotel-768x403.jpg 768w, https:\/\/furlille.eu\/wp-content\/uploads\/2017\/01\/Pied_StPhilibert_Hotel-1024x537.jpg 1024w\" sizes=\"(max-width: 767px) 89vw, (max-width: 1000px) 54vw, (max-width: 1071px) 543px, 580px\" \/><\/p>\n<p>&nbsp;<\/p>\n<p><em>Trajet H\u00f4tel &#8211; Pr\u00e9s du Hem&nbsp; (temps total ~50 min)<\/em><br \/>\nSe rendre \u00e0 la gare routi\u00e8re St Philibert pour prendre <span style=\"color: #ff0000;\">le bus de 9h10 (arriv\u00e9e \u00e0 9h34) ou 10h10 (arriv\u00e9e \u00e0 10h34)<\/span><br \/>\n<img loading=\"lazy\" decoding=\"async\" class=\"alignnone size-full wp-image-164\" src=\"https:\/\/furlille.eu\/wp-content\/uploads\/2017\/01\/Pied_StPhilibert_Hotel.jpg\" alt=\"\" width=\"1294\" height=\"679\" srcset=\"https:\/\/furlille.eu\/wp-content\/uploads\/2017\/01\/Pied_StPhilibert_Hotel.jpg 1294w, https:\/\/furlille.eu\/wp-content\/uploads\/2017\/01\/Pied_StPhilibert_Hotel-300x157.jpg 300w, https:\/\/furlille.eu\/wp-content\/uploads\/2017\/01\/Pied_StPhilibert_Hotel-768x403.jpg 768w, https:\/\/furlille.eu\/wp-content\/uploads\/2017\/01\/Pied_StPhilibert_Hotel-1024x537.jpg 1024w\" sizes=\"(max-width: 767px) 89vw, (max-width: 1000px) 54vw, (max-width: 1071px) 543px, 580px\" \/><\/p>\n<p>Prendre la ligne 99 du bus en direction d&#8217;Armenti\u00e8res &#8211; Bizet, descendre \u00e0 l&#8217;arr\u00eat de bus Pierre Beregovoy. Finir le trajet \u00e0 pied jusqu&#8217;au parc<br \/>\n<img loading=\"lazy\" decoding=\"async\" class=\"alignnone size-full wp-image-162\" src=\"https:\/\/furlille.eu\/wp-content\/uploads\/2017\/02\/Pied_Bus-armentieres_PdH.jpg\" alt=\"\" width=\"960\" height=\"694\"><\/p>\n","protected":false},"excerpt":{"rendered":"<p>Adresses : Laser-Game 9 rue des Primeur, 59000 Lille H\u00f4tel 20 Rue du Ch\u00e2teau d&#8217;Isenghien, 59160 Lille Bowling (\u00e0 4 minutes \u00e0 pied de l&#8217;h\u00f4tel) Z.A du Grand But, 59160 Lille Pr\u00e9s du Hem 7 avenue Marc Sangnier, 59280 Armenti\u00e8res &nbsp; Transports en commun : Trajet Laser-Game &#8211; H\u00f4tel (temps total ~1h) Se rendre \u00e0 &hellip; <\/p>\n<p class=\"link-more\"><a href=\"https:\/\/furlille.eu\/?page_id=165\" class=\"more-link\">Continue reading<span class=\"screen-reader-text\"> &#8220;D\u00e9placements&#8221;<\/span><\/a><\/p>\n","protected":false},"author":1,"featured_media":0,"parent":0,"menu_order":0,"comment_status":"closed","ping_status":"closed","template":"","meta":{"footnotes":""},"class_list":["post-165","page","type-page","status-publish","hentry"],"_links":{"self":[{"href":"https:\/\/furlille.eu\/index.php?rest_route=\/wp\/v2\/pages\/165"}],"collection":[{"href":"https:\/\/furlille.eu\/index.php?rest_route=\/wp\/v2\/pages"}],"about":[{"href":"https:\/\/furlille.eu\/index.php?rest_route=\/wp\/v2\/types\/page"}],"author":[{"embeddable":true,"href":"https:\/\/furlille.eu\/index.php?rest_route=\/wp\/v2\/users\/1"}],"replies":[{"embeddable":true,"href":"https:\/\/furlille.eu\/index.php?rest_route=%2Fwp%2Fv2%2Fcomments&post=165"}],"version-history":[{"count":9,"href":"https:\/\/furlille.eu\/index.php?rest_route=\/wp\/v2\/pages\/165\/revisions"}],"predecessor-version":[{"id":707,"href":"https:\/\/furlille.eu\/index.php?rest_route=\/wp\/v2\/pages\/165\/revisions\/707"}],"wp:attachment":[{"href":"https:\/\/furlille.eu\/index.php?rest_route=%2Fwp%2Fv2%2Fmedia&parent=165"}],"curies":[{"name":"wp","href":"https:\/\/api.w.org\/{rel}","templated":true}]}}